{"id":1970,"date":"2022-07-06T08:38:41","date_gmt":"2022-07-06T06:38:41","guid":{"rendered":"https:\/\/people-consolidated.info\/imprint"},"modified":"2022-09-06T13:03:37","modified_gmt":"2022-09-06T11:03:37","slug":"imprint","status":"publish","type":"page","link":"https:\/\/www.people-consolidated.com\/en\/imprint","title":{"rendered":"Imprint"},"content":{"rendered":"\t\t<div data-elementor-type=\"wp-page\" data-elementor-id=\"1970\" class=\"elementor elementor-1970 elementor-1255\">\n\t\t\t\t\t\t\t\t\t<section class=\"elementor-section elementor-top-section elementor-element elementor-element-38cdd9f elementor-section-boxed elementor-section-height-default elementor-section-height-default\" data-id=\"38cdd9f\" data-element_type=\"section\" data-settings=\"{&quot;background_background&quot;:&quot;classic&quot;}\">\n\t\t\t\t\t\t\t<div class=\"elementor-background-overlay\"><\/div>\n\t\t\t\t\t\t\t<div class=\"elementor-container elementor-column-gap-no\">\n\t\t\t\t\t<div class=\"elementor-column elementor-col-100 elementor-top-column elementor-element elementor-element-df96273\" data-id=\"df96273\" data-element_type=\"column\">\n\t\t\t<div class=\"elementor-widget-wrap elementor-element-populated\">\n\t\t\t\t\t\t\t\t<section class=\"elementor-section elementor-inner-section elementor-element elementor-element-e971761 elementor-section-boxed elementor-section-height-default elementor-section-height-default\" data-id=\"e971761\" data-element_type=\"section\">\n\t\t\t\t\t\t<div class=\"elementor-container elementor-column-gap-no\">\n\t\t\t\t\t<div class=\"elementor-column elementor-col-100 elementor-inner-column elementor-element elementor-element-0904fc7\" data-id=\"0904fc7\" data-element_type=\"column\">\n\t\t\t<div class=\"elementor-widget-wrap elementor-element-populated\">\n\t\t\t\t\t\t\t\t<div class=\"elementor-element elementor-element-c01dbe4 elementor-widget elementor-widget-heading\" data-id=\"c01dbe4\" data-element_type=\"widget\" data-widget_type=\"heading.default\">\n\t\t\t\t<div class=\"elementor-widget-container\">\n\t\t\t<style>\/*! elementor - v3.8.0 - 30-10-2022 *\/\n.elementor-heading-title{padding:0;margin:0;line-height:1}.elementor-widget-heading .elementor-heading-title[class*=elementor-size-]>a{color:inherit;font-size:inherit;line-height:inherit}.elementor-widget-heading .elementor-heading-title.elementor-size-small{font-size:15px}.elementor-widget-heading .elementor-heading-title.elementor-size-medium{font-size:19px}.elementor-widget-heading .elementor-heading-title.elementor-size-large{font-size:29px}.elementor-widget-heading .elementor-heading-title.elementor-size-xl{font-size:39px}.elementor-widget-heading .elementor-heading-title.elementor-size-xxl{font-size:59px}<\/style><h1 class=\"elementor-heading-title elementor-size-default\">Imprint<\/h1>\t\t<\/div>\n\t\t\t\t<\/div>\n\t\t\t\t\t<\/div>\n\t\t<\/div>\n\t\t\t\t\t\t\t<\/div>\n\t\t<\/section>\n\t\t\t\t\t<\/div>\n\t\t<\/div>\n\t\t\t\t\t\t\t<\/div>\n\t\t<\/section>\n\t\t\t\t<section class=\"elementor-section elementor-top-section elementor-element elementor-element-ab4a58e elementor-section-boxed elementor-section-height-default elementor-section-height-default\" data-id=\"ab4a58e\" data-element_type=\"section\" data-settings=\"{&quot;background_background&quot;:&quot;classic&quot;}\">\n\t\t\t\t\t\t<div class=\"elementor-container elementor-column-gap-no\">\n\t\t\t\t\t<div class=\"elementor-column elementor-col-100 elementor-top-column elementor-element elementor-element-67fc85a\" data-id=\"67fc85a\" data-element_type=\"column\">\n\t\t\t<div class=\"elementor-widget-wrap elementor-element-populated\">\n\t\t\t\t\t\t\t\t<div class=\"elementor-element elementor-element-3aea5fa elementor-widget elementor-widget-text-editor\" data-id=\"3aea5fa\" data-element_type=\"widget\" data-widget_type=\"text-editor.default\">\n\t\t\t\t<div class=\"elementor-widget-container\">\n\t\t\t<style>\/*! elementor - v3.8.0 - 30-10-2022 *\/\n.elementor-widget-text-editor.elementor-drop-cap-view-stacked .elementor-drop-cap{background-color:#818a91;color:#fff}.elementor-widget-text-editor.elementor-drop-cap-view-framed .elementor-drop-cap{color:#818a91;border:3px solid;background-color:transparent}.elementor-widget-text-editor:not(.elementor-drop-cap-view-default) .elementor-drop-cap{margin-top:8px}.elementor-widget-text-editor:not(.elementor-drop-cap-view-default) .elementor-drop-cap-letter{width:1em;height:1em}.elementor-widget-text-editor .elementor-drop-cap{float:left;text-align:center;line-height:1;font-size:50px}.elementor-widget-text-editor .elementor-drop-cap-letter{display:inline-block}<\/style>\t\t\t\t<p><span class=\"font-size-20 lh-1\"><b>People Consolidated GmbH<\/b><br \/>Schmelzer Stra\u00dfe 5<br \/>83334 Inzell<br \/>Tel.: +49 8865 92711-10<br \/>info@people-consolidated.de<\/span><\/p>\n<p><span class=\"font-size-20 lh-1\"><b>Managing Director:<\/b><br \/>J\u00f6rg H\u00fcbner<br \/>Prof. Dr. Peter Preuss<br \/><\/span><\/p>\n<div><span class=\"font-size-20 lh-1\">Martin Schmidt<\/span><\/div>\n<div><span class=\"font-size-20 lh-1\">Andreas Teichert<\/span><\/div>\n<p><span class=\"font-size-20 lh-1\">Register court: Traunstein Local Court<br \/>Registration number: HRB 28670<\/p>\n<p>Sales tax identification number<br \/>according to \u00a7 27 a sales tax law: DE214786054<\/p>\n<p>Responsible for content according to \u00a7 6 MDStV: Peter Preuss<\/p>\n<p>Content and concept: Team People Consolidated<\/span><\/p>\n\t\t\t\t\t\t<\/div>\n\t\t\t\t<\/div>\n\t\t\t\t\t<\/div>\n\t\t<\/div>\n\t\t\t\t\t\t\t<\/div>\n\t\t<\/section>\n\t\t\t\t\t\t\t<\/div>\n\t\t","protected":false},"excerpt":{"rendered":"<p>Imprint People Consolidated GmbHSchmelzer Stra\u00dfe 583334 InzellTel.: +49 8865 92711-10info@people-consolidated.de Managing Director:J\u00f6rg H\u00fcbnerProf. Dr. Peter Preuss Martin Schmidt Andreas Teichert Register court: Traunstein Local CourtRegistration number: HRB 28670 Sales tax identification numberaccording to \u00a7 27 a sales tax law: DE214786054 Responsible for content according to \u00a7 6 MDStV: Peter Preuss Content and concept: Team People &hellip;<\/p>\n<p class=\"read-more\"> <a class=\"\" href=\"https:\/\/www.people-consolidated.com\/en\/imprint\"> <span class=\"screen-reader-text\">Imprint<\/span> Read More &raquo;<\/a><\/p>\n","protected":false},"author":4,"featured_media":0,"parent":0,"menu_order":0,"comment_status":"closed","ping_status":"closed","template":"","meta":{"site-sidebar-layout":"no-sidebar","site-content-layout":"page-builder","ast-global-header-display":"","ast-main-header-display":"","ast-hfb-above-header-display":"","ast-hfb-below-header-display":"","ast-hfb-mobile-header-display":"","site-post-title":"disabled","ast-breadcrumbs-content":"","ast-featured-img":"disabled","footer-sml-layout":"","theme-transparent-header-meta":"","adv-header-id-meta":"","stick-header-meta":"","header-above-stick-meta":"","header-main-stick-meta":"","header-below-stick-meta":"","footnotes":""},"class_list":["post-1970","page","type-page","status-publish","hentry"],"_links":{"self":[{"href":"https:\/\/www.people-consolidated.com\/en\/wp-json\/wp\/v2\/pages\/1970","targetHints":{"allow":["GET"]}}],"collection":[{"href":"https:\/\/www.people-consolidated.com\/en\/wp-json\/wp\/v2\/pages"}],"about":[{"href":"https:\/\/www.people-consolidated.com\/en\/wp-json\/wp\/v2\/types\/page"}],"author":[{"embeddable":true,"href":"https:\/\/www.people-consolidated.com\/en\/wp-json\/wp\/v2\/users\/4"}],"replies":[{"embeddable":true,"href":"https:\/\/www.people-consolidated.com\/en\/wp-json\/wp\/v2\/comments?post=1970"}],"version-history":[{"count":7,"href":"https:\/\/www.people-consolidated.com\/en\/wp-json\/wp\/v2\/pages\/1970\/revisions"}],"predecessor-version":[{"id":2446,"href":"https:\/\/www.people-consolidated.com\/en\/wp-json\/wp\/v2\/pages\/1970\/revisions\/2446"}],"wp:attachment":[{"href":"https:\/\/www.people-consolidated.com\/en\/wp-json\/wp\/v2\/media?parent=1970"}],"curies":[{"name":"wp","href":"https:\/\/api.w.org\/{rel}","templated":true}]}}